{"id":9,"date":"2022-05-10T07:48:51","date_gmt":"2022-05-10T07:48:51","guid":{"rendered":"https:\/\/demosites.royal-elementor-addons.com\/pet-care-v1\/?page_id=9"},"modified":"2022-10-31T10:27:14","modified_gmt":"2022-10-31T10:27:14","slug":"sobre-nosotros","status":"publish","type":"page","link":"https:\/\/vipmoroccotrips.com\/es\/sobre-nosotros\/","title":{"rendered":"Sobre Nosotros"},"content":{"rendered":"\t\t<div data-elementor-type=\"wp-page\" data-elementor-id=\"9\" class=\"elementor elementor-9\">\n\t\t\t\t\t\t\t\t\t<section class=\"elementor-section elementor-top-section elementor-element elementor-element-f4931c3 elementor-section-height-min-height elementor-section-items-bottom elementor-section-boxed elementor-section-height-default wpr-particle-no wpr-jarallax-no wpr-parallax-no wpr-sticky-section-no\" data-id=\"f4931c3\" data-element_type=\"section\" data-settings=\"{&quot;background_background&quot;:&quot;classic&quot;}\">\n\t\t\t\t\t\t\t<div class=\"elementor-background-overlay\"><\/div>\n\t\t\t\t\t\t\t<div class=\"elementor-container elementor-column-gap-default\">\n\t\t\t\t\t<div class=\"elementor-column elementor-col-100 elementor-top-column elementor-element elementor-element-1af713d\" data-id=\"1af713d\" data-element_type=\"column\">\n\t\t\t<div class=\"elementor-widget-wrap elementor-element-populated\">\n\t\t\t\t\t\t\t\t<div class=\"elementor-element elementor-element-12f9d3f elementor-widget elementor-widget-heading\" data-id=\"12f9d3f\" data-element_type=\"widget\" data-widget_type=\"heading.default\">\n\t\t\t\t<div class=\"elementor-widget-container\">\n\t\t\t<style>\/*! elementor - v3.8.0 - 30-10-2022 *\/\n.elementor-heading-title{padding:0;margin:0;line-height:1}.elementor-widget-heading .elementor-heading-title[class*=elementor-size-]>a{color:inherit;font-size:inherit;line-height:inherit}.elementor-widget-heading .elementor-heading-title.elementor-size-small{font-size:15px}.elementor-widget-heading .elementor-heading-title.elementor-size-medium{font-size:19px}.elementor-widget-heading .elementor-heading-title.elementor-size-large{font-size:29px}.elementor-widget-heading .elementor-heading-title.elementor-size-xl{font-size:39px}.elementor-widget-heading .elementor-heading-title.elementor-size-xxl{font-size:59px}<\/style><h2 class=\"elementor-heading-title elementor-size-default\">Sobre Vip Morocco Trips<\/h2>\t\t<\/div>\n\t\t\t\t<\/div>\n\t\t\t\t\t<\/div>\n\t\t<\/div>\n\t\t\t\t\t\t\t<\/div>\n\t\t<\/section>\n\t\t\t\t<section class=\"elementor-section elementor-top-section elementor-element elementor-element-da52d57 elementor-section-boxed elementor-section-height-default elementor-section-height-default wpr-particle-no wpr-jarallax-no wpr-parallax-no wpr-sticky-section-no\" data-id=\"da52d57\" data-element_type=\"section\">\n\t\t\t\t\t\t<div class=\"elementor-container elementor-column-gap-wide\">\n\t\t\t\t\t<div class=\"elementor-column elementor-col-50 elementor-top-column elementor-element elementor-element-1cf0096\" data-id=\"1cf0096\" data-element_type=\"column\">\n\t\t\t<div class=\"elementor-widget-wrap elementor-element-populated\">\n\t\t\t\t\t\t\t\t<section class=\"elementor-section elementor-inner-section elementor-element elementor-element-b4503d0 elementor-section-boxed elementor-section-height-default elementor-section-height-default wpr-particle-no wpr-jarallax-no wpr-parallax-no wpr-sticky-section-no\" data-id=\"b4503d0\" data-element_type=\"section\">\n\t\t\t\t\t\t<div class=\"elementor-container elementor-column-gap-default\">\n\t\t\t\t\t<div class=\"elementor-column elementor-col-50 elementor-inner-column elementor-element elementor-element-9c0b391 elementor-hidden-mobile\" data-id=\"9c0b391\" data-element_type=\"column\">\n\t\t\t<div class=\"elementor-widget-wrap elementor-element-populated\">\n\t\t\t\t\t\t\t\t<div class=\"elementor-element elementor-element-6813d3f elementor-widget elementor-widget-image\" data-id=\"6813d3f\" data-element_type=\"widget\" data-widget_type=\"image.default\">\n\t\t\t\t<div class=\"elementor-widget-container\">\n\t\t\t<style>\/*! elementor - v3.8.0 - 30-10-2022 *\/\n.elementor-widget-image{text-align:center}.elementor-widget-image a{display:inline-block}.elementor-widget-image a img[src$=\".svg\"]{width:48px}.elementor-widget-image img{vertical-align:middle;display:inline-block}<\/style>\t\t\t\t\t\t\t\t\t\t\t\t<img loading=\"lazy\" decoding=\"async\" width=\"799\" height=\"533\" src=\"https:\/\/vipmoroccotrips.com\/es\/wp-content\/uploads\/2022\/10\/casa-4.jpeg\" class=\"attachment-large size-large\" alt=\"Tour por Marruecos\" srcset=\"https:\/\/vipmoroccotrips.com\/es\/wp-content\/uploads\/2022\/10\/casa-4.jpeg 799w, https:\/\/vipmoroccotrips.com\/es\/wp-content\/uploads\/2022\/10\/casa-4-300x200.jpeg 300w, https:\/\/vipmoroccotrips.com\/es\/wp-content\/uploads\/2022\/10\/casa-4-768x512.jpeg 768w\" sizes=\"auto, (max-width: 799px) 100vw, 799px\" \/>\t\t\t\t\t\t\t\t\t\t\t\t\t\t\t<\/div>\n\t\t\t\t<\/div>\n\t\t\t\t<div class=\"elementor-element elementor-element-072412d elementor-widget elementor-widget-image\" data-id=\"072412d\" data-element_type=\"widget\" data-widget_type=\"image.default\">\n\t\t\t\t<div class=\"elementor-widget-container\">\n\t\t\t\t\t\t\t\t\t\t\t\t\t\t\t<img loading=\"lazy\" decoding=\"async\" width=\"800\" height=\"566\" src=\"https:\/\/vipmoroccotrips.com\/es\/wp-content\/uploads\/2022\/10\/marra-6.jpeg\" class=\"attachment-large size-large\" alt=\"Tour por Marruecos\" srcset=\"https:\/\/vipmoroccotrips.com\/es\/wp-content\/uploads\/2022\/10\/marra-6.jpeg 800w, https:\/\/vipmoroccotrips.com\/es\/wp-content\/uploads\/2022\/10\/marra-6-300x212.jpeg 300w, https:\/\/vipmoroccotrips.com\/es\/wp-content\/uploads\/2022\/10\/marra-6-768x543.jpeg 768w\" sizes=\"auto, (max-width: 800px) 100vw, 800px\" \/>\t\t\t\t\t\t\t\t\t\t\t\t\t\t\t<\/div>\n\t\t\t\t<\/div>\n\t\t\t\t\t<\/div>\n\t\t<\/div>\n\t\t\t\t<div class=\"elementor-column elementor-col-50 elementor-inner-column elementor-element elementor-element-f683cbe elementor-hidden-tablet elementor-hidden-mobile\" data-id=\"f683cbe\" data-element_type=\"column\">\n\t\t\t<div class=\"elementor-widget-wrap elementor-element-populated\">\n\t\t\t\t\t\t\t\t<div class=\"elementor-element elementor-element-5691893 elementor-widget elementor-widget-image\" data-id=\"5691893\" data-element_type=\"widget\" data-widget_type=\"image.default\">\n\t\t\t\t<div class=\"elementor-widget-container\">\n\t\t\t\t\t\t\t\t\t\t\t\t\t\t\t<img loading=\"lazy\" decoding=\"async\" width=\"799\" height=\"533\" src=\"https:\/\/vipmoroccotrips.com\/es\/wp-content\/uploads\/2022\/10\/casa-5.jpeg\" class=\"attachment-large size-large\" alt=\"Viajes a Marruecos desde Fes\" srcset=\"https:\/\/vipmoroccotrips.com\/es\/wp-content\/uploads\/2022\/10\/casa-5.jpeg 799w, https:\/\/vipmoroccotrips.com\/es\/wp-content\/uploads\/2022\/10\/casa-5-300x200.jpeg 300w, https:\/\/vipmoroccotrips.com\/es\/wp-content\/uploads\/2022\/10\/casa-5-768x512.jpeg 768w\" sizes=\"auto, (max-width: 799px) 100vw, 799px\" \/>\t\t\t\t\t\t\t\t\t\t\t\t\t\t\t<\/div>\n\t\t\t\t<\/div>\n\t\t\t\t<div class=\"elementor-element elementor-element-23c6c5b elementor-widget elementor-widget-image\" data-id=\"23c6c5b\" data-element_type=\"widget\" data-widget_type=\"image.default\">\n\t\t\t\t<div class=\"elementor-widget-container\">\n\t\t\t\t\t\t\t\t\t\t\t\t\t\t\t<img loading=\"lazy\" decoding=\"async\" width=\"960\" height=\"640\" src=\"https:\/\/vipmoroccotrips.com\/es\/wp-content\/uploads\/2022\/10\/ouzoud.jpeg\" class=\"attachment-large size-large\" alt=\"Tour por Marruecos\" srcset=\"https:\/\/vipmoroccotrips.com\/es\/wp-content\/uploads\/2022\/10\/ouzoud.jpeg 1024w, https:\/\/vipmoroccotrips.com\/es\/wp-content\/uploads\/2022\/10\/ouzoud-300x200.jpeg 300w, https:\/\/vipmoroccotrips.com\/es\/wp-content\/uploads\/2022\/10\/ouzoud-768x512.jpeg 768w\" sizes=\"auto, (max-width: 960px) 100vw, 960px\" \/>\t\t\t\t\t\t\t\t\t\t\t\t\t\t\t<\/div>\n\t\t\t\t<\/div>\n\t\t\t\t\t<\/div>\n\t\t<\/div>\n\t\t\t\t\t\t\t<\/div>\n\t\t<\/section>\n\t\t\t\t\t<\/div>\n\t\t<\/div>\n\t\t\t\t<div class=\"elementor-column elementor-col-50 elementor-top-column elementor-element elementor-element-dce60a0\" data-id=\"dce60a0\" data-element_type=\"column\">\n\t\t\t<div class=\"elementor-widget-wrap elementor-element-populated\">\n\t\t\t\t\t\t\t\t<div class=\"elementor-element elementor-element-c437220 elementor-widget elementor-widget-heading\" data-id=\"c437220\" data-element_type=\"widget\" data-widget_type=\"heading.default\">\n\t\t\t\t<div class=\"elementor-widget-container\">\n\t\t\t<h2 class=\"elementor-heading-title elementor-size-default\">QUI\u00c9NES SOMOS<\/h2>\t\t<\/div>\n\t\t\t\t<\/div>\n\t\t\t\t<div class=\"elementor-element elementor-element-909df49 elementor-widget elementor-widget-text-editor\" data-id=\"909df49\" data-element_type=\"widget\" data-widget_type=\"text-editor.default\">\n\t\t\t\t<div class=\"elementor-widget-container\">\n\t\t\t<style>\/*! elementor - v3.8.0 - 30-10-2022 *\/\n.elementor-widget-text-editor.elementor-drop-cap-view-stacked .elementor-drop-cap{background-color:#818a91;color:#fff}.elementor-widget-text-editor.elementor-drop-cap-view-framed .elementor-drop-cap{color:#818a91;border:3px solid;background-color:transparent}.elementor-widget-text-editor:not(.elementor-drop-cap-view-default) .elementor-drop-cap{margin-top:8px}.elementor-widget-text-editor:not(.elementor-drop-cap-view-default) .elementor-drop-cap-letter{width:1em;height:1em}.elementor-widget-text-editor .elementor-drop-cap{float:left;text-align:center;line-height:1;font-size:50px}.elementor-widget-text-editor .elementor-drop-cap-letter{display:inline-block}<\/style>\t\t\t\t<p>Tour por Marruecos, Vip Morocco Trips es una empresa de viajes apasionada especializada en viajes privados y personalizados a destinos inspiradores de Marruecos dirigida por dos hermanos que encontraron su pasi\u00f3n por la cultura y el lenguaje entre las majestuosas dunas de arena de <a href=\"https:\/\/vipmoroccotrips.com\/es\/tour-privado-desde-tanger-8-dias\/\">Marruecos<\/a> \u00abErg Chebbi\u00bb en Merzouga.En Erg Chebbi llevaron una infancia n\u00f3mada pura con su Familly, vagando por el desierto del Sahara con sus padres y camellos teniendo s\u00f3lo una simple tienda de campa\u00f1a para el refugio.<\/p><p>Luego, han asistido a la Universidad de Fez, donde obtuvieron su t\u00edtulo en estudios de ingl\u00e9s y turismo. Aprendieron en el per\u00edodo de formaci\u00f3n, experiencias, eventos de Marruecos como \u00abAicha du gazelle\u00bb m\u00e1s sobre la historia de Marruecos, la geograf\u00eda, la cultura y la hospitalidad<\/p><p>Les apasiona informar a los turistas\/hu\u00e9spedes sobre su cultura y modo de vida n\u00f3mada; su cultura m\u00e1gicamente oculta, la calidez de la hospitalidad, los contrastes dram\u00e1ticos, la leyenda y el verdadero sentido del romance.<\/p>\t\t\t\t\t\t<\/div>\n\t\t\t\t<\/div>\n\t\t\t\t\t<\/div>\n\t\t<\/div>\n\t\t\t\t\t\t\t<\/div>\n\t\t<\/section>\n\t\t\t\t<section class=\"elementor-section elementor-top-section elementor-element elementor-element-7a1bd9a elementor-section-boxed elementor-section-height-default elementor-section-height-default wpr-particle-no wpr-jarallax-no wpr-parallax-no wpr-sticky-section-no\" data-id=\"7a1bd9a\" data-element_type=\"section\">\n\t\t\t\t\t\t<div class=\"elementor-container elementor-column-gap-default\">\n\t\t\t\t\t<div class=\"elementor-column elementor-col-100 elementor-top-column elementor-element elementor-element-199d461\" data-id=\"199d461\" data-element_type=\"column\">\n\t\t\t<div class=\"elementor-widget-wrap elementor-element-populated\">\n\t\t\t\t\t\t\t\t<div class=\"elementor-element elementor-element-eaf1271 elementor-widget elementor-widget-heading\" data-id=\"eaf1271\" data-element_type=\"widget\" data-widget_type=\"heading.default\">\n\t\t\t\t<div class=\"elementor-widget-container\">\n\t\t\t<h2 class=\"elementor-heading-title elementor-size-default\">NUESTRO COMPROMISO<\/h2>\t\t<\/div>\n\t\t\t\t<\/div>\n\t\t\t\t<div class=\"elementor-element elementor-element-e1f7a42 elementor-widget elementor-widget-text-editor\" data-id=\"e1f7a42\" data-element_type=\"widget\" data-widget_type=\"text-editor.default\">\n\t\t\t\t<div class=\"elementor-widget-container\">\n\t\t\t\t\t\t\t<p>Vip Morocco Trips no s\u00f3lo se compromete a organizar unas vacaciones memorables e inspiradoras en Marruecos. Sino que tambi\u00e9n se compromete a garantizar su seguridad y comodidad a lo largo de los viajes a Marruecos.<\/p><p>Cuando usted toma un tour con nosotros, puede sentirse totalmente confiado sabiendo que tenemos personal en cada ciudad de Marruecos que est\u00e1n listos para satisfacer sus necesidades &#8230; Desde su elecci\u00f3n hasta su regreso a casa, Vip Morocco Trips asegurar que su viaje en Marruecos es aut\u00e9ntico, e incluyen lo que hab\u00eda imaginado &#8230;<\/p><p>Venga a conocer Marruecos con Vip Morocco Trips.<\/p>\t\t\t\t\t\t<\/div>\n\t\t\t\t<\/div>\n\t\t\t\t\t<\/div>\n\t\t<\/div>\n\t\t\t\t\t\t\t<\/div>\n\t\t<\/section>\n\t\t\t\t\t\t\t<\/div>\n\t\t","protected":false},"excerpt":{"rendered":"<p>Sobre Vip Morocco Trips QUI\u00c9NES SOMOS Tour por Marruecos, Vip Morocco Trips es una empresa de viajes apasionada especializada en viajes privados y personalizados a destinos inspiradores de Marruecos dirigida por dos hermanos que encontraron su pasi\u00f3n por la cultura y el lenguaje entre las majestuosas dunas de arena de Marruecos \u00abErg Chebbi\u00bb en Merzouga.En [&hellip;]<\/p>\n","protected":false},"author":1,"featured_media":0,"parent":0,"menu_order":0,"comment_status":"closed","ping_status":"closed","template":"elementor_canvas","meta":{"footnotes":""},"class_list":["post-9","page","type-page","status-publish","hentry"],"yoast_head":"<!-- This site is optimized with the Yoast SEO plugin v19.10 - https:\/\/yoast.com\/wordpress\/plugins\/seo\/ -->\n<title>Tour por Marruecos - Vip Morocco Trips<\/title>\n<meta name=\"description\" content=\"Tour por Marruecos, Vip Morocco Trips es una empresa de viajes apasionada especializada en viajes privados y personalizados a destinos\" \/>\n<meta name=\"robots\" content=\"index, follow, max-snippet:-1, max-image-preview:large, max-video-preview:-1\" \/>\n<link rel=\"canonical\" href=\"https:\/\/vipmoroccotrips.com\/es\/sobre-nosotros\/\" \/>\n<meta property=\"og:locale\" content=\"es_ES\" \/>\n<meta property=\"og:type\" content=\"article\" \/>\n<meta property=\"og:title\" content=\"Tour por Marruecos - Vip Morocco Trips\" \/>\n<meta property=\"og:description\" content=\"Tour por Marruecos, Vip Morocco Trips es una empresa de viajes apasionada especializada en viajes privados y personalizados a destinos\" \/>\n<meta property=\"og:url\" content=\"https:\/\/vipmoroccotrips.com\/es\/sobre-nosotros\/\" \/>\n<meta property=\"og:site_name\" content=\"Vip Morocco Trips\" \/>\n<meta property=\"article:modified_time\" content=\"2022-10-31T10:27:14+00:00\" \/>\n<meta property=\"og:image\" content=\"https:\/\/vipmoroccotrips.com\/es\/wp-content\/uploads\/2022\/10\/casa-4.jpeg\" \/>\n<meta name=\"twitter:card\" content=\"summary_large_image\" \/>\n<meta name=\"twitter:label1\" content=\"Tiempo de lectura\" \/>\n\t<meta name=\"twitter:data1\" content=\"3 minutos\" \/>\n<script type=\"application\/ld+json\" class=\"yoast-schema-graph\">{\"@context\":\"https:\/\/schema.org\",\"@graph\":[{\"@type\":\"WebPage\",\"@id\":\"https:\/\/vipmoroccotrips.com\/es\/sobre-nosotros\/\",\"url\":\"https:\/\/vipmoroccotrips.com\/es\/sobre-nosotros\/\",\"name\":\"Tour por Marruecos - Vip Morocco Trips\",\"isPartOf\":{\"@id\":\"https:\/\/vipmoroccotrips.com\/es\/#website\"},\"datePublished\":\"2022-05-10T07:48:51+00:00\",\"dateModified\":\"2022-10-31T10:27:14+00:00\",\"description\":\"Tour por Marruecos, Vip Morocco Trips es una empresa de viajes apasionada especializada en viajes privados y personalizados a destinos\",\"breadcrumb\":{\"@id\":\"https:\/\/vipmoroccotrips.com\/es\/sobre-nosotros\/#breadcrumb\"},\"inLanguage\":\"es\",\"potentialAction\":[{\"@type\":\"ReadAction\",\"target\":[\"https:\/\/vipmoroccotrips.com\/es\/sobre-nosotros\/\"]}]},{\"@type\":\"BreadcrumbList\",\"@id\":\"https:\/\/vipmoroccotrips.com\/es\/sobre-nosotros\/#breadcrumb\",\"itemListElement\":[{\"@type\":\"ListItem\",\"position\":1,\"name\":\"Home\",\"item\":\"https:\/\/vipmoroccotrips.com\/es\/\"},{\"@type\":\"ListItem\",\"position\":2,\"name\":\"Sobre Nosotros\"}]},{\"@type\":\"WebSite\",\"@id\":\"https:\/\/vipmoroccotrips.com\/es\/#website\",\"url\":\"https:\/\/vipmoroccotrips.com\/es\/\",\"name\":\"Vip Morocco Trips\",\"description\":\"Morocco Desert Tours - Tours &amp; Excursions in Morocco\",\"publisher\":{\"@id\":\"https:\/\/vipmoroccotrips.com\/es\/#organization\"},\"potentialAction\":[{\"@type\":\"SearchAction\",\"target\":{\"@type\":\"EntryPoint\",\"urlTemplate\":\"https:\/\/vipmoroccotrips.com\/es\/?s={search_term_string}\"},\"query-input\":\"required name=search_term_string\"}],\"inLanguage\":\"es\"},{\"@type\":\"Organization\",\"@id\":\"https:\/\/vipmoroccotrips.com\/es\/#organization\",\"name\":\"Vip Morocco Trips\",\"url\":\"https:\/\/vipmoroccotrips.com\/es\/\",\"logo\":{\"@type\":\"ImageObject\",\"inLanguage\":\"es\",\"@id\":\"https:\/\/vipmoroccotrips.com\/es\/#\/schema\/logo\/image\/\",\"url\":\"https:\/\/vipmoroccotrips.com\/es\/wp-content\/uploads\/2022\/10\/logoo.png\",\"contentUrl\":\"https:\/\/vipmoroccotrips.com\/es\/wp-content\/uploads\/2022\/10\/logoo.png\",\"width\":728,\"height\":295,\"caption\":\"Vip Morocco Trips\"},\"image\":{\"@id\":\"https:\/\/vipmoroccotrips.com\/es\/#\/schema\/logo\/image\/\"}}]}<\/script>\n<!-- \/ Yoast SEO plugin. -->","yoast_head_json":{"title":"Tour por Marruecos - Vip Morocco Trips","description":"Tour por Marruecos, Vip Morocco Trips es una empresa de viajes apasionada especializada en viajes privados y personalizados a destinos","robots":{"index":"index","follow":"follow","max-snippet":"max-snippet:-1","max-image-preview":"max-image-preview:large","max-video-preview":"max-video-preview:-1"},"canonical":"https:\/\/vipmoroccotrips.com\/es\/sobre-nosotros\/","og_locale":"es_ES","og_type":"article","og_title":"Tour por Marruecos - Vip Morocco Trips","og_description":"Tour por Marruecos, Vip Morocco Trips es una empresa de viajes apasionada especializada en viajes privados y personalizados a destinos","og_url":"https:\/\/vipmoroccotrips.com\/es\/sobre-nosotros\/","og_site_name":"Vip Morocco Trips","article_modified_time":"2022-10-31T10:27:14+00:00","og_image":[{"url":"https:\/\/vipmoroccotrips.com\/es\/wp-content\/uploads\/2022\/10\/casa-4.jpeg"}],"twitter_card":"summary_large_image","twitter_misc":{"Tiempo de lectura":"3 minutos"},"schema":{"@context":"https:\/\/schema.org","@graph":[{"@type":"WebPage","@id":"https:\/\/vipmoroccotrips.com\/es\/sobre-nosotros\/","url":"https:\/\/vipmoroccotrips.com\/es\/sobre-nosotros\/","name":"Tour por Marruecos - Vip Morocco Trips","isPartOf":{"@id":"https:\/\/vipmoroccotrips.com\/es\/#website"},"datePublished":"2022-05-10T07:48:51+00:00","dateModified":"2022-10-31T10:27:14+00:00","description":"Tour por Marruecos, Vip Morocco Trips es una empresa de viajes apasionada especializada en viajes privados y personalizados a destinos","breadcrumb":{"@id":"https:\/\/vipmoroccotrips.com\/es\/sobre-nosotros\/#breadcrumb"},"inLanguage":"es","potentialAction":[{"@type":"ReadAction","target":["https:\/\/vipmoroccotrips.com\/es\/sobre-nosotros\/"]}]},{"@type":"BreadcrumbList","@id":"https:\/\/vipmoroccotrips.com\/es\/sobre-nosotros\/#breadcrumb","itemListElement":[{"@type":"ListItem","position":1,"name":"Home","item":"https:\/\/vipmoroccotrips.com\/es\/"},{"@type":"ListItem","position":2,"name":"Sobre Nosotros"}]},{"@type":"WebSite","@id":"https:\/\/vipmoroccotrips.com\/es\/#website","url":"https:\/\/vipmoroccotrips.com\/es\/","name":"Vip Morocco Trips","description":"Morocco Desert Tours - Tours &amp; Excursions in Morocco","publisher":{"@id":"https:\/\/vipmoroccotrips.com\/es\/#organization"},"potentialAction":[{"@type":"SearchAction","target":{"@type":"EntryPoint","urlTemplate":"https:\/\/vipmoroccotrips.com\/es\/?s={search_term_string}"},"query-input":"required name=search_term_string"}],"inLanguage":"es"},{"@type":"Organization","@id":"https:\/\/vipmoroccotrips.com\/es\/#organization","name":"Vip Morocco Trips","url":"https:\/\/vipmoroccotrips.com\/es\/","logo":{"@type":"ImageObject","inLanguage":"es","@id":"https:\/\/vipmoroccotrips.com\/es\/#\/schema\/logo\/image\/","url":"https:\/\/vipmoroccotrips.com\/es\/wp-content\/uploads\/2022\/10\/logoo.png","contentUrl":"https:\/\/vipmoroccotrips.com\/es\/wp-content\/uploads\/2022\/10\/logoo.png","width":728,"height":295,"caption":"Vip Morocco Trips"},"image":{"@id":"https:\/\/vipmoroccotrips.com\/es\/#\/schema\/logo\/image\/"}}]}},"_links":{"self":[{"href":"https:\/\/vipmoroccotrips.com\/es\/wp-json\/wp\/v2\/pages\/9","targetHints":{"allow":["GET"]}}],"collection":[{"href":"https:\/\/vipmoroccotrips.com\/es\/wp-json\/wp\/v2\/pages"}],"about":[{"href":"https:\/\/vipmoroccotrips.com\/es\/wp-json\/wp\/v2\/types\/page"}],"author":[{"embeddable":true,"href":"https:\/\/vipmoroccotrips.com\/es\/wp-json\/wp\/v2\/users\/1"}],"replies":[{"embeddable":true,"href":"https:\/\/vipmoroccotrips.com\/es\/wp-json\/wp\/v2\/comments?post=9"}],"version-history":[{"count":26,"href":"https:\/\/vipmoroccotrips.com\/es\/wp-json\/wp\/v2\/pages\/9\/revisions"}],"predecessor-version":[{"id":2444,"href":"https:\/\/vipmoroccotrips.com\/es\/wp-json\/wp\/v2\/pages\/9\/revisions\/2444"}],"wp:attachment":[{"href":"https:\/\/vipmoroccotrips.com\/es\/wp-json\/wp\/v2\/media?parent=9"}],"curies":[{"name":"wp","href":"https:\/\/api.w.org\/{rel}","templated":true}]}}